{"id":25,"date":"2014-05-01T16:01:19","date_gmt":"2014-05-01T20:01:19","guid":{"rendered":"https:\/\/etrepartout.com\/locadev\/?page_id=25"},"modified":"2022-02-06T16:07:32","modified_gmt":"2022-02-06T16:07:32","slug":"maison-du-marche","status":"publish","type":"page","link":"https:\/\/etrepartout.com\/locadev\/maison-du-marche\/","title":{"rendered":"Maison du March\u00e9"},"content":{"rendered":"<p>La Maison du March\u00e9, attenante au March\u00e9 Locavore et propri\u00e9t\u00e9 de la <a title=\"La coop\u00e9rative de solidarit\u00e9 agroalimentaire de Racine\" href=\"https:\/\/etrepartout.com\/locadev\/cooperative-de-solidarite\/\">Coop\u00e9rative de solidarit\u00e9 agroalimentaire de Racine<\/a>, est un point de vente coop\u00e9ratif permanent de <a title=\"Nos producteurs\" href=\"https:\/\/etrepartout.com\/locadev\/nos-producteurs\/\">producteurs<\/a> du March\u00e9 Locavore de Racine.<\/p>\r\n<p>La Maison du March\u00e9 est le compl\u00e9ment logique du succ\u00e8s du March\u00e9 Locavore ! Elle est ouverte \u00e0 l\u2019ann\u00e9e longue.<img loading=\"lazy\" class=\"alignright size-medium wp-image-1829\" src=\"https:\/\/etrepartout.com\/locadev\/wp-content\/uploads\/2022\/02\/261146072_3023078624628098_1322896442424111184_n-300x225.jpg\" alt=\"\" width=\"300\" height=\"225\" srcset=\"https:\/\/etrepartout.com\/locadev\/wp-content\/uploads\/2022\/02\/261146072_3023078624628098_1322896442424111184_n-300x225.jpg 300w, https:\/\/etrepartout.com\/locadev\/wp-content\/uploads\/2022\/02\/261146072_3023078624628098_1322896442424111184_n-600x449.jpg 600w, https:\/\/etrepartout.com\/locadev\/wp-content\/uploads\/2022\/02\/261146072_3023078624628098_1322896442424111184_n-579x434.jpg 579w, https:\/\/etrepartout.com\/locadev\/wp-content\/uploads\/2022\/02\/261146072_3023078624628098_1322896442424111184_n-768x575.jpg 768w, https:\/\/etrepartout.com\/locadev\/wp-content\/uploads\/2022\/02\/261146072_3023078624628098_1322896442424111184_n.jpg 1440w\" sizes=\"(max-width: 300px) 100vw, 300px\" \/><\/p>\r\n<p>La Boulangerie au Coeur du pain vous y accueille avec ses excellents pains , viennoiseries, p\u00e2tisseries et ses\u00a0 produits du terroir. Vous pouvez y siroter un bon caf\u00e9 espresso et d\u00e9guster des croissants et sandwichs de toute sorte , tout en faisant vos courses locavores !!<\/p>\r\n<p>La r\u00e9alisation de la Maison du March\u00e9 a \u00e9t\u00e9 rendue possible gr\u00e2ce \u00e0 l\u2019aide financi\u00e8re du Fonds de la politique nationale de la ruralit\u00e9 (Pacte rural) de la MRC du Val-Saint-Fran\u00e7ois, de la Caisse populaire Morilac, de la d\u00e9put\u00e9e Karine Valli\u00e8res et de l\u2019UPA. N\u2019oublions surtout pas le soutien de la Municipalit\u00e9 de Racine et encore une fois, l\u2019implication l\u00e9gendaire des b\u00e9n\u00e9voles racinoises et racinois !<\/p>\r\n<p>Voici ce que vous pouvez savourer \u00e0 la Maison du March\u00e9&#8230;<\/p>\r\n<hr \/>\r\n<h2 style=\"text-align: center;\">Menu<\/h2>\r\n<p style=\"text-align: center;\">\u00c0 venir<\/p>\r\n<p style=\"text-align: center;\"><strong>Caf\u00e9 sp\u00e9cialis\u00e9, th\u00e9 et tisane<\/strong><\/p>\r\n<p style=\"text-align: center;\">\u00a0<\/p>\r\n\r\n\r\n<h1>\u00a0<\/h1>\r\n\r\n\r\n<p>&nbsp;<\/p>\r\n\r\n\r\n<p>&nbsp;<\/p>\r\n\r\n","protected":false},"excerpt":{"rendered":"<p>La Maison du March\u00e9, attenante au March\u00e9 Locavore et propri\u00e9t\u00e9 de la Coop\u00e9rative de solidarit\u00e9 agroalimentaire de Racine, est un point de vente coop\u00e9ratif permanent de producteurs du March\u00e9 Locavore [&hellip;]<\/p>\n","protected":false},"author":4,"featured_media":170,"parent":0,"menu_order":0,"comment_status":"open","ping_status":"open","template":"","meta":{"_et_pb_use_builder":"","_et_pb_old_content":"","_et_gb_content_width":""},"yoast_head":"<!-- This site is optimized with the Yoast SEO plugin v20.1 - https:\/\/yoast.com\/wordpress\/plugins\/seo\/ -->\n<title>Maison du March\u00e9 - March\u00e9 Locavore<\/title>\n<meta name=\"robots\" content=\"noindex, follow, max-snippet:-1, max-image-preview:large, max-video-preview:-1\" \/>\n<meta property=\"og:locale\" content=\"fr_FR\" \/>\n<meta property=\"og:type\" content=\"article\" \/>\n<meta property=\"og:title\" content=\"Maison du March\u00e9 - March\u00e9 Locavore\" \/>\n<meta property=\"og:description\" content=\"La Maison du March\u00e9, attenante au March\u00e9 Locavore et propri\u00e9t\u00e9 de la Coop\u00e9rative de solidarit\u00e9 agroalimentaire de Racine, est un point de vente coop\u00e9ratif permanent de producteurs du March\u00e9 Locavore [&hellip;]\" \/>\n<meta property=\"og:url\" content=\"https:\/\/etrepartout.com\/locadev\/maison-du-marche\/\" \/>\n<meta property=\"og:site_name\" content=\"March\u00e9 Locavore\" \/>\n<meta property=\"article:modified_time\" content=\"2022-02-06T16:07:32+00:00\" \/>\n<meta property=\"og:image\" content=\"https:\/\/etrepartout.com\/locadev\/wp-content\/uploads\/2014\/05\/pignon.jpg\" \/>\n\t<meta property=\"og:image:width\" content=\"940\" \/>\n\t<meta property=\"og:image:height\" content=\"340\" \/>\n\t<meta property=\"og:image:type\" content=\"image\/jpeg\" \/>\n<meta name=\"twitter:label1\" content=\"Dur\u00e9e de lecture estim\u00e9e\" \/>\n\t<meta name=\"twitter:data1\" content=\"1 minute\" \/>\n<script type=\"application\/ld+json\" class=\"yoast-schema-graph\">{\"@context\":\"https:\/\/schema.org\",\"@graph\":[{\"@type\":\"WebPage\",\"@id\":\"https:\/\/etrepartout.com\/locadev\/maison-du-marche\/\",\"url\":\"https:\/\/etrepartout.com\/locadev\/maison-du-marche\/\",\"name\":\"Maison du March\u00e9 - March\u00e9 Locavore\",\"isPartOf\":{\"@id\":\"https:\/\/etrepartout.com\/locadev\/#website\"},\"datePublished\":\"2014-05-01T20:01:19+00:00\",\"dateModified\":\"2022-02-06T16:07:32+00:00\",\"breadcrumb\":{\"@id\":\"https:\/\/etrepartout.com\/locadev\/maison-du-marche\/#breadcrumb\"},\"inLanguage\":\"fr-FR\",\"potentialAction\":[{\"@type\":\"ReadAction\",\"target\":[\"https:\/\/etrepartout.com\/locadev\/maison-du-marche\/\"]}]},{\"@type\":\"BreadcrumbList\",\"@id\":\"https:\/\/etrepartout.com\/locadev\/maison-du-marche\/#breadcrumb\",\"itemListElement\":[{\"@type\":\"ListItem\",\"position\":1,\"name\":\"Home\",\"item\":\"https:\/\/etrepartout.com\/locadev\/\"},{\"@type\":\"ListItem\",\"position\":2,\"name\":\"Maison du March\u00e9\"}]},{\"@type\":\"WebSite\",\"@id\":\"https:\/\/etrepartout.com\/locadev\/#website\",\"url\":\"https:\/\/etrepartout.com\/locadev\/\",\"name\":\"March\u00e9 Locavore\",\"description\":\"\",\"potentialAction\":[{\"@type\":\"SearchAction\",\"target\":{\"@type\":\"EntryPoint\",\"urlTemplate\":\"https:\/\/etrepartout.com\/locadev\/?s={search_term_string}\"},\"query-input\":\"required name=search_term_string\"}],\"inLanguage\":\"fr-FR\"}]}<\/script>\n<!-- \/ Yoast SEO plugin. -->","yoast_head_json":{"title":"Maison du March\u00e9 - March\u00e9 Locavore","robots":{"index":"noindex","follow":"follow","max-snippet":"max-snippet:-1","max-image-preview":"max-image-preview:large","max-video-preview":"max-video-preview:-1"},"og_locale":"fr_FR","og_type":"article","og_title":"Maison du March\u00e9 - March\u00e9 Locavore","og_description":"La Maison du March\u00e9, attenante au March\u00e9 Locavore et propri\u00e9t\u00e9 de la Coop\u00e9rative de solidarit\u00e9 agroalimentaire de Racine, est un point de vente coop\u00e9ratif permanent de producteurs du March\u00e9 Locavore [&hellip;]","og_url":"https:\/\/etrepartout.com\/locadev\/maison-du-marche\/","og_site_name":"March\u00e9 Locavore","article_modified_time":"2022-02-06T16:07:32+00:00","og_image":[{"width":940,"height":340,"url":"https:\/\/etrepartout.com\/locadev\/wp-content\/uploads\/2014\/05\/pignon.jpg","type":"image\/jpeg"}],"twitter_misc":{"Dur\u00e9e de lecture estim\u00e9e":"1 minute"},"schema":{"@context":"https:\/\/schema.org","@graph":[{"@type":"WebPage","@id":"https:\/\/etrepartout.com\/locadev\/maison-du-marche\/","url":"https:\/\/etrepartout.com\/locadev\/maison-du-marche\/","name":"Maison du March\u00e9 - March\u00e9 Locavore","isPartOf":{"@id":"https:\/\/etrepartout.com\/locadev\/#website"},"datePublished":"2014-05-01T20:01:19+00:00","dateModified":"2022-02-06T16:07:32+00:00","breadcrumb":{"@id":"https:\/\/etrepartout.com\/locadev\/maison-du-marche\/#breadcrumb"},"inLanguage":"fr-FR","potentialAction":[{"@type":"ReadAction","target":["https:\/\/etrepartout.com\/locadev\/maison-du-marche\/"]}]},{"@type":"BreadcrumbList","@id":"https:\/\/etrepartout.com\/locadev\/maison-du-marche\/#breadcrumb","itemListElement":[{"@type":"ListItem","position":1,"name":"Home","item":"https:\/\/etrepartout.com\/locadev\/"},{"@type":"ListItem","position":2,"name":"Maison du March\u00e9"}]},{"@type":"WebSite","@id":"https:\/\/etrepartout.com\/locadev\/#website","url":"https:\/\/etrepartout.com\/locadev\/","name":"March\u00e9 Locavore","description":"","potentialAction":[{"@type":"SearchAction","target":{"@type":"EntryPoint","urlTemplate":"https:\/\/etrepartout.com\/locadev\/?s={search_term_string}"},"query-input":"required name=search_term_string"}],"inLanguage":"fr-FR"}]}},"_links":{"self":[{"href":"https:\/\/etrepartout.com\/locadev\/wp-json\/wp\/v2\/pages\/25"}],"collection":[{"href":"https:\/\/etrepartout.com\/locadev\/wp-json\/wp\/v2\/pages"}],"about":[{"href":"https:\/\/etrepartout.com\/locadev\/wp-json\/wp\/v2\/types\/page"}],"author":[{"embeddable":true,"href":"https:\/\/etrepartout.com\/locadev\/wp-json\/wp\/v2\/users\/4"}],"replies":[{"embeddable":true,"href":"https:\/\/etrepartout.com\/locadev\/wp-json\/wp\/v2\/comments?post=25"}],"version-history":[{"count":24,"href":"https:\/\/etrepartout.com\/locadev\/wp-json\/wp\/v2\/pages\/25\/revisions"}],"predecessor-version":[{"id":1830,"href":"https:\/\/etrepartout.com\/locadev\/wp-json\/wp\/v2\/pages\/25\/revisions\/1830"}],"wp:featuredmedia":[{"embeddable":true,"href":"https:\/\/etrepartout.com\/locadev\/wp-json\/wp\/v2\/media\/170"}],"wp:attachment":[{"href":"https:\/\/etrepartout.com\/locadev\/wp-json\/wp\/v2\/media?parent=25"}],"curies":[{"name":"wp","href":"https:\/\/api.w.org\/{rel}","templated":true}]}}