{"id":29,"date":"2014-05-01T16:01:56","date_gmt":"2014-05-01T20:01:56","guid":{"rendered":"https:\/\/etrepartout.com\/locadev\/?page_id=29"},"modified":"2017-04-29T07:44:53","modified_gmt":"2017-04-29T11:44:53","slug":"pourquoi","status":"publish","type":"page","link":"https:\/\/etrepartout.com\/locadev\/devenir-membre\/pourquoi\/","title":{"rendered":"Pourquoi devenir membre"},"content":{"rendered":"<p>Le March\u00e9 LOCAVORE est administr\u00e9 et contr\u00f4l\u00e9 par une coop\u00e9rative de solidarit\u00e9 compos\u00e9e majoritairement de membres consommateurs: la Coop\u00e9rative de solidarit\u00e9 agroalimentaire de Racine.<\/p>\n<p>En devenant membre consommateur de notre coop\u00e9rative de solidarit\u00e9, vous ferez partie d\u2019une \u00e9quipe gagnante. Vous pourrez ainsi prendre part aux d\u00e9cisions de l\u2019entreprise, vous impliquer dans l&rsquo;organisation et \u00e9ventuellement au Conseil d&rsquo;administration.\u00a0 Avec, en cours de route, de petits avantages financiers. Surtout, vous partagerez la fiert\u00e9 d\u2019\u00eatre partie prenante de cette initiative si\u00a0 vitalisante\u00a0 pour notre communaut\u00e9.<\/p>\n<p>Tout au long de la saison du March\u00e9, les membres de notre Coop\u00e9rative b\u00e9n\u00e9ficient de rabais sur certains produits offerts\u00a0\u00e0 tour de r\u00f4le par nos\u00a0producteurs. Des journ\u00e9es membres sont organis\u00e9es \u00e0 cet effet durant toute la saison. \u00c0 la consigne du march\u00e9 , sous pr\u00e9sentation de votre carte, vous aurez droit \u00e0 une r\u00e9duction. C&rsquo;est une fa\u00e7on de vous t\u00e9moigner notre reconnaissance pour votre soutien. Une forme de ristourne Locavore!<\/p>\n<p>Alors pourquoi ne pas placer ce petit 20$ pour faire partie de notre \u00e9quipe gagnante?<\/p>\n<p><a title=\"Comment devenir membre\" href=\"https:\/\/etrepartout.com\/locadev\/devenir-membre\/comment\/\"><strong>Comment devenir membre?<\/strong><\/a><\/p>\n","protected":false},"excerpt":{"rendered":"<p>Le March\u00e9 LOCAVORE est administr\u00e9 et contr\u00f4l\u00e9 par une coop\u00e9rative de solidarit\u00e9 compos\u00e9e majoritairement de membres consommateurs: la Coop\u00e9rative de solidarit\u00e9 agroalimentaire de Racine. En devenant membre consommateur de notre [&hellip;]<\/p>\n","protected":false},"author":4,"featured_media":169,"parent":27,"menu_order":0,"comment_status":"open","ping_status":"open","template":"","meta":{"_et_pb_use_builder":"","_et_pb_old_content":"","_et_gb_content_width":""},"yoast_head":"<!-- This site is optimized with the Yoast SEO plugin v20.1 - https:\/\/yoast.com\/wordpress\/plugins\/seo\/ -->\n<title>Pourquoi devenir membre - March\u00e9 Locavore<\/title>\n<meta name=\"robots\" content=\"noindex, follow, max-snippet:-1, max-image-preview:large, max-video-preview:-1\" \/>\n<meta property=\"og:locale\" content=\"fr_FR\" \/>\n<meta property=\"og:type\" content=\"article\" \/>\n<meta property=\"og:title\" content=\"Pourquoi devenir membre - March\u00e9 Locavore\" \/>\n<meta property=\"og:description\" content=\"Le March\u00e9 LOCAVORE est administr\u00e9 et contr\u00f4l\u00e9 par une coop\u00e9rative de solidarit\u00e9 compos\u00e9e majoritairement de membres consommateurs: la Coop\u00e9rative de solidarit\u00e9 agroalimentaire de Racine. En devenant membre consommateur de notre [&hellip;]\" \/>\n<meta property=\"og:url\" content=\"https:\/\/etrepartout.com\/locadev\/devenir-membre\/pourquoi\/\" \/>\n<meta property=\"og:site_name\" content=\"March\u00e9 Locavore\" \/>\n<meta property=\"article:modified_time\" content=\"2017-04-29T11:44:53+00:00\" \/>\n<meta property=\"og:image\" content=\"https:\/\/etrepartout.com\/locadev\/wp-content\/uploads\/2014\/05\/membre.jpg\" \/>\n\t<meta property=\"og:image:width\" content=\"940\" \/>\n\t<meta property=\"og:image:height\" content=\"340\" \/>\n\t<meta property=\"og:image:type\" content=\"image\/jpeg\" \/>\n<meta name=\"twitter:label1\" content=\"Dur\u00e9e de lecture estim\u00e9e\" \/>\n\t<meta name=\"twitter:data1\" content=\"1 minute\" \/>\n<script type=\"application\/ld+json\" class=\"yoast-schema-graph\">{\"@context\":\"https:\/\/schema.org\",\"@graph\":[{\"@type\":\"WebPage\",\"@id\":\"https:\/\/etrepartout.com\/locadev\/devenir-membre\/pourquoi\/\",\"url\":\"https:\/\/etrepartout.com\/locadev\/devenir-membre\/pourquoi\/\",\"name\":\"Pourquoi devenir membre - March\u00e9 Locavore\",\"isPartOf\":{\"@id\":\"https:\/\/etrepartout.com\/locadev\/#website\"},\"datePublished\":\"2014-05-01T20:01:56+00:00\",\"dateModified\":\"2017-04-29T11:44:53+00:00\",\"breadcrumb\":{\"@id\":\"https:\/\/etrepartout.com\/locadev\/devenir-membre\/pourquoi\/#breadcrumb\"},\"inLanguage\":\"fr-FR\",\"potentialAction\":[{\"@type\":\"ReadAction\",\"target\":[\"https:\/\/etrepartout.com\/locadev\/devenir-membre\/pourquoi\/\"]}]},{\"@type\":\"BreadcrumbList\",\"@id\":\"https:\/\/etrepartout.com\/locadev\/devenir-membre\/pourquoi\/#breadcrumb\",\"itemListElement\":[{\"@type\":\"ListItem\",\"position\":1,\"name\":\"Home\",\"item\":\"https:\/\/etrepartout.com\/locadev\/\"},{\"@type\":\"ListItem\",\"position\":2,\"name\":\"Devenir membre\",\"item\":\"https:\/\/etrepartout.com\/locadev\/devenir-membre\/\"},{\"@type\":\"ListItem\",\"position\":3,\"name\":\"Pourquoi devenir membre\"}]},{\"@type\":\"WebSite\",\"@id\":\"https:\/\/etrepartout.com\/locadev\/#website\",\"url\":\"https:\/\/etrepartout.com\/locadev\/\",\"name\":\"March\u00e9 Locavore\",\"description\":\"\",\"potentialAction\":[{\"@type\":\"SearchAction\",\"target\":{\"@type\":\"EntryPoint\",\"urlTemplate\":\"https:\/\/etrepartout.com\/locadev\/?s={search_term_string}\"},\"query-input\":\"required name=search_term_string\"}],\"inLanguage\":\"fr-FR\"}]}<\/script>\n<!-- \/ Yoast SEO plugin. -->","yoast_head_json":{"title":"Pourquoi devenir membre - March\u00e9 Locavore","robots":{"index":"noindex","follow":"follow","max-snippet":"max-snippet:-1","max-image-preview":"max-image-preview:large","max-video-preview":"max-video-preview:-1"},"og_locale":"fr_FR","og_type":"article","og_title":"Pourquoi devenir membre - March\u00e9 Locavore","og_description":"Le March\u00e9 LOCAVORE est administr\u00e9 et contr\u00f4l\u00e9 par une coop\u00e9rative de solidarit\u00e9 compos\u00e9e majoritairement de membres consommateurs: la Coop\u00e9rative de solidarit\u00e9 agroalimentaire de Racine. En devenant membre consommateur de notre [&hellip;]","og_url":"https:\/\/etrepartout.com\/locadev\/devenir-membre\/pourquoi\/","og_site_name":"March\u00e9 Locavore","article_modified_time":"2017-04-29T11:44:53+00:00","og_image":[{"width":940,"height":340,"url":"https:\/\/etrepartout.com\/locadev\/wp-content\/uploads\/2014\/05\/membre.jpg","type":"image\/jpeg"}],"twitter_misc":{"Dur\u00e9e de lecture estim\u00e9e":"1 minute"},"schema":{"@context":"https:\/\/schema.org","@graph":[{"@type":"WebPage","@id":"https:\/\/etrepartout.com\/locadev\/devenir-membre\/pourquoi\/","url":"https:\/\/etrepartout.com\/locadev\/devenir-membre\/pourquoi\/","name":"Pourquoi devenir membre - March\u00e9 Locavore","isPartOf":{"@id":"https:\/\/etrepartout.com\/locadev\/#website"},"datePublished":"2014-05-01T20:01:56+00:00","dateModified":"2017-04-29T11:44:53+00:00","breadcrumb":{"@id":"https:\/\/etrepartout.com\/locadev\/devenir-membre\/pourquoi\/#breadcrumb"},"inLanguage":"fr-FR","potentialAction":[{"@type":"ReadAction","target":["https:\/\/etrepartout.com\/locadev\/devenir-membre\/pourquoi\/"]}]},{"@type":"BreadcrumbList","@id":"https:\/\/etrepartout.com\/locadev\/devenir-membre\/pourquoi\/#breadcrumb","itemListElement":[{"@type":"ListItem","position":1,"name":"Home","item":"https:\/\/etrepartout.com\/locadev\/"},{"@type":"ListItem","position":2,"name":"Devenir membre","item":"https:\/\/etrepartout.com\/locadev\/devenir-membre\/"},{"@type":"ListItem","position":3,"name":"Pourquoi devenir membre"}]},{"@type":"WebSite","@id":"https:\/\/etrepartout.com\/locadev\/#website","url":"https:\/\/etrepartout.com\/locadev\/","name":"March\u00e9 Locavore","description":"","potentialAction":[{"@type":"SearchAction","target":{"@type":"EntryPoint","urlTemplate":"https:\/\/etrepartout.com\/locadev\/?s={search_term_string}"},"query-input":"required name=search_term_string"}],"inLanguage":"fr-FR"}]}},"_links":{"self":[{"href":"https:\/\/etrepartout.com\/locadev\/wp-json\/wp\/v2\/pages\/29"}],"collection":[{"href":"https:\/\/etrepartout.com\/locadev\/wp-json\/wp\/v2\/pages"}],"about":[{"href":"https:\/\/etrepartout.com\/locadev\/wp-json\/wp\/v2\/types\/page"}],"author":[{"embeddable":true,"href":"https:\/\/etrepartout.com\/locadev\/wp-json\/wp\/v2\/users\/4"}],"replies":[{"embeddable":true,"href":"https:\/\/etrepartout.com\/locadev\/wp-json\/wp\/v2\/comments?post=29"}],"version-history":[{"count":6,"href":"https:\/\/etrepartout.com\/locadev\/wp-json\/wp\/v2\/pages\/29\/revisions"}],"predecessor-version":[{"id":1012,"href":"https:\/\/etrepartout.com\/locadev\/wp-json\/wp\/v2\/pages\/29\/revisions\/1012"}],"up":[{"embeddable":true,"href":"https:\/\/etrepartout.com\/locadev\/wp-json\/wp\/v2\/pages\/27"}],"wp:featuredmedia":[{"embeddable":true,"href":"https:\/\/etrepartout.com\/locadev\/wp-json\/wp\/v2\/media\/169"}],"wp:attachment":[{"href":"https:\/\/etrepartout.com\/locadev\/wp-json\/wp\/v2\/media?parent=29"}],"curies":[{"name":"wp","href":"https:\/\/api.w.org\/{rel}","templated":true}]}}