{"id":5,"date":"2014-05-01T15:58:28","date_gmt":"2014-05-01T19:58:28","guid":{"rendered":"https:\/\/etrepartout.com\/locadev\/?page_id=5"},"modified":"2020-08-12T15:56:13","modified_gmt":"2020-08-12T15:56:13","slug":"commande-en-ligne","status":"publish","type":"page","link":"https:\/\/etrepartout.com\/locadev\/commande-en-ligne\/","title":{"rendered":"Commande en ligne"},"content":{"rendered":"\n<table border=\"0\" width=\"480\" cellspacing=\"0\" cellpadding=\"0\">\n<tbody>\n<tr>\n<td>\n<p><strong>Une boutique en ligne pr\u00e9pay\u00e9e<\/strong><br \/>\u00c0 compter de dimanche prochain 5 juillet, nous lan\u00e7ons notre nouvelle Boutique en ligne sur le site Maturin.ca. Sept producteurs du March\u00e9 y sont pr\u00e9sents : l<strong>a Ferme les P\u00e9ch\u00e9s Moutons, Herbes Orford, Jardin Zone Orange, les Vallons de Wadleigh, Bella Croquer, Bouquet Gourmet et Baklava Gourmand.<\/strong>\u00a0 Il vous suffit de cliquer sur le lien <a href=\"https:\/\/marchelocavore.us8.list-manage.com\/track\/click?u=9d66dc37d2ee0f02821808ce8&amp;id=5dfea7a66f&amp;e=981b881c11\" target=\"_blank\" rel=\"noopener noreferrer\" data-saferedirecturl=\"https:\/\/www.google.com\/url?q=https:\/\/marchelocavore.us8.list-manage.com\/track\/click?u%3D9d66dc37d2ee0f02821808ce8%26id%3D5dfea7a66f%26e%3D981b881c11&amp;source=gmail&amp;ust=1594210961629000&amp;usg=AFQjCNGorJtD0QgXO2td2beXGCzGl_8vxg\">https:\/\/www.maturin.ca\/groupe\/<wbr \/>marchelocavore<\/a>\u00a0 pour rejoindre la page du March\u00e9. Vous devez d&rsquo;abord vous inscrire comme acheteur. . Vous choisissez vos produits, vous payez avec une carte de cr\u00e9dit et vous cueillez votre commande au kiosque du producteur le samedi suivant. Pour <strong>Baklava Gourmand, Bouquet Gourmet et Bella Croquer<\/strong>, vous allez chercher votre commande \u00e0 la Consigne du March\u00e9. Apporter une copie de votre commande que\u00a0 vous pr\u00e9senterez aux producteurs ainsi qu&rsquo;\u00e0 la consigne.<\/p>\n<\/td>\n<\/tr>\n<\/tbody>\n<\/table>\n","protected":false},"excerpt":{"rendered":"<p>Une boutique en ligne pr\u00e9pay\u00e9e\u00c0 compter de dimanche prochain 5 juillet, nous lan\u00e7ons notre nouvelle Boutique en ligne sur le site Maturin.ca. Sept producteurs du March\u00e9 y sont pr\u00e9sents : [&hellip;]<\/p>\n","protected":false},"author":4,"featured_media":0,"parent":0,"menu_order":0,"comment_status":"open","ping_status":"open","template":"template-commande.php","meta":{"_et_pb_use_builder":"","_et_pb_old_content":"","_et_gb_content_width":""},"yoast_head":"<!-- This site is optimized with the Yoast SEO plugin v20.1 - https:\/\/yoast.com\/wordpress\/plugins\/seo\/ -->\n<title>Commande en ligne - March\u00e9 Locavore<\/title>\n<meta name=\"robots\" content=\"noindex, follow, max-snippet:-1, max-image-preview:large, max-video-preview:-1\" \/>\n<meta property=\"og:locale\" content=\"fr_FR\" \/>\n<meta property=\"og:type\" content=\"article\" \/>\n<meta property=\"og:title\" content=\"Commande en ligne - March\u00e9 Locavore\" \/>\n<meta property=\"og:description\" content=\"Une boutique en ligne pr\u00e9pay\u00e9e\u00c0 compter de dimanche prochain 5 juillet, nous lan\u00e7ons notre nouvelle Boutique en ligne sur le site Maturin.ca. Sept producteurs du March\u00e9 y sont pr\u00e9sents : [&hellip;]\" \/>\n<meta property=\"og:url\" content=\"https:\/\/etrepartout.com\/locadev\/commande-en-ligne\/\" \/>\n<meta property=\"og:site_name\" content=\"March\u00e9 Locavore\" \/>\n<meta property=\"article:modified_time\" content=\"2020-08-12T15:56:13+00:00\" \/>\n<meta name=\"twitter:label1\" content=\"Dur\u00e9e de lecture estim\u00e9e\" \/>\n\t<meta name=\"twitter:data1\" content=\"1 minute\" \/>\n<script type=\"application\/ld+json\" class=\"yoast-schema-graph\">{\"@context\":\"https:\/\/schema.org\",\"@graph\":[{\"@type\":\"WebPage\",\"@id\":\"https:\/\/etrepartout.com\/locadev\/commande-en-ligne\/\",\"url\":\"https:\/\/etrepartout.com\/locadev\/commande-en-ligne\/\",\"name\":\"Commande en ligne - March\u00e9 Locavore\",\"isPartOf\":{\"@id\":\"https:\/\/etrepartout.com\/locadev\/#website\"},\"datePublished\":\"2014-05-01T19:58:28+00:00\",\"dateModified\":\"2020-08-12T15:56:13+00:00\",\"breadcrumb\":{\"@id\":\"https:\/\/etrepartout.com\/locadev\/commande-en-ligne\/#breadcrumb\"},\"inLanguage\":\"fr-FR\",\"potentialAction\":[{\"@type\":\"ReadAction\",\"target\":[\"https:\/\/etrepartout.com\/locadev\/commande-en-ligne\/\"]}]},{\"@type\":\"BreadcrumbList\",\"@id\":\"https:\/\/etrepartout.com\/locadev\/commande-en-ligne\/#breadcrumb\",\"itemListElement\":[{\"@type\":\"ListItem\",\"position\":1,\"name\":\"Home\",\"item\":\"https:\/\/etrepartout.com\/locadev\/\"},{\"@type\":\"ListItem\",\"position\":2,\"name\":\"Commande en ligne\"}]},{\"@type\":\"WebSite\",\"@id\":\"https:\/\/etrepartout.com\/locadev\/#website\",\"url\":\"https:\/\/etrepartout.com\/locadev\/\",\"name\":\"March\u00e9 Locavore\",\"description\":\"\",\"potentialAction\":[{\"@type\":\"SearchAction\",\"target\":{\"@type\":\"EntryPoint\",\"urlTemplate\":\"https:\/\/etrepartout.com\/locadev\/?s={search_term_string}\"},\"query-input\":\"required name=search_term_string\"}],\"inLanguage\":\"fr-FR\"}]}<\/script>\n<!-- \/ Yoast SEO plugin. -->","yoast_head_json":{"title":"Commande en ligne - March\u00e9 Locavore","robots":{"index":"noindex","follow":"follow","max-snippet":"max-snippet:-1","max-image-preview":"max-image-preview:large","max-video-preview":"max-video-preview:-1"},"og_locale":"fr_FR","og_type":"article","og_title":"Commande en ligne - March\u00e9 Locavore","og_description":"Une boutique en ligne pr\u00e9pay\u00e9e\u00c0 compter de dimanche prochain 5 juillet, nous lan\u00e7ons notre nouvelle Boutique en ligne sur le site Maturin.ca. Sept producteurs du March\u00e9 y sont pr\u00e9sents : [&hellip;]","og_url":"https:\/\/etrepartout.com\/locadev\/commande-en-ligne\/","og_site_name":"March\u00e9 Locavore","article_modified_time":"2020-08-12T15:56:13+00:00","twitter_misc":{"Dur\u00e9e de lecture estim\u00e9e":"1 minute"},"schema":{"@context":"https:\/\/schema.org","@graph":[{"@type":"WebPage","@id":"https:\/\/etrepartout.com\/locadev\/commande-en-ligne\/","url":"https:\/\/etrepartout.com\/locadev\/commande-en-ligne\/","name":"Commande en ligne - March\u00e9 Locavore","isPartOf":{"@id":"https:\/\/etrepartout.com\/locadev\/#website"},"datePublished":"2014-05-01T19:58:28+00:00","dateModified":"2020-08-12T15:56:13+00:00","breadcrumb":{"@id":"https:\/\/etrepartout.com\/locadev\/commande-en-ligne\/#breadcrumb"},"inLanguage":"fr-FR","potentialAction":[{"@type":"ReadAction","target":["https:\/\/etrepartout.com\/locadev\/commande-en-ligne\/"]}]},{"@type":"BreadcrumbList","@id":"https:\/\/etrepartout.com\/locadev\/commande-en-ligne\/#breadcrumb","itemListElement":[{"@type":"ListItem","position":1,"name":"Home","item":"https:\/\/etrepartout.com\/locadev\/"},{"@type":"ListItem","position":2,"name":"Commande en ligne"}]},{"@type":"WebSite","@id":"https:\/\/etrepartout.com\/locadev\/#website","url":"https:\/\/etrepartout.com\/locadev\/","name":"March\u00e9 Locavore","description":"","potentialAction":[{"@type":"SearchAction","target":{"@type":"EntryPoint","urlTemplate":"https:\/\/etrepartout.com\/locadev\/?s={search_term_string}"},"query-input":"required name=search_term_string"}],"inLanguage":"fr-FR"}]}},"_links":{"self":[{"href":"https:\/\/etrepartout.com\/locadev\/wp-json\/wp\/v2\/pages\/5"}],"collection":[{"href":"https:\/\/etrepartout.com\/locadev\/wp-json\/wp\/v2\/pages"}],"about":[{"href":"https:\/\/etrepartout.com\/locadev\/wp-json\/wp\/v2\/types\/page"}],"author":[{"embeddable":true,"href":"https:\/\/etrepartout.com\/locadev\/wp-json\/wp\/v2\/users\/4"}],"replies":[{"embeddable":true,"href":"https:\/\/etrepartout.com\/locadev\/wp-json\/wp\/v2\/comments?post=5"}],"version-history":[{"count":46,"href":"https:\/\/etrepartout.com\/locadev\/wp-json\/wp\/v2\/pages\/5\/revisions"}],"predecessor-version":[{"id":1656,"href":"https:\/\/etrepartout.com\/locadev\/wp-json\/wp\/v2\/pages\/5\/revisions\/1656"}],"wp:attachment":[{"href":"https:\/\/etrepartout.com\/locadev\/wp-json\/wp\/v2\/media?parent=5"}],"curies":[{"name":"wp","href":"https:\/\/api.w.org\/{rel}","templated":true}]}}