{"id":9,"date":"2014-04-01T15:58:56","date_gmt":"2014-04-01T19:58:56","guid":{"rendered":"https:\/\/etrepartout.com\/locadev\/?page_id=9"},"modified":"2022-02-03T20:33:59","modified_gmt":"2022-02-03T20:33:59","slug":"cooperative-de-solidarite","status":"publish","type":"page","link":"https:\/\/etrepartout.com\/locadev\/cooperative-de-solidarite\/","title":{"rendered":"La coop\u00e9rative de solidarit\u00e9 agroalimentaire de Racine"},"content":{"rendered":"<h2>La mission<\/h2>\n<p>\u00ab Contribuer au d\u00e9veloppement socio-\u00e9conomique de Racine et du Val St-Fran\u00e7ois en priorisant l\u2019offre de produits r\u00e9gionaux et naturels de qualit\u00e9 qui r\u00e9pondent aux crit\u00e8res de l\u2019agriculture durable tout en apportant un contexte commercial convivial\u00a0favorisant la rencontre entre les consommateurs et les producteurs. \u00bb<\/p>\n<h2>Membres fondateurs et CA actuel<\/h2>\n<p><strong>\u00a0<\/strong>Des id\u00e9es et de l&rsquo;\u00e9nergie renouvelable!<\/p>\n<p>\u00a0La Coop\u00e9rative de Solidarit\u00e9 Agroalimentaire de Racine a \u00e9t\u00e9 fond\u00e9e en ao\u00fbt \u00a02008, par les membres fondateurs suivants :<\/p>\n<p>\u2022 Michel Brien, agriculteur; \u2022 Serge Fontaine, courtier d\u2019assurances; \u2022Marie-Chantal Houde,\u00a0productrice, Fromagerie Nouvelle-France; \u2022 Claudine Larocque, consultante en communication-marketing; \u2022 Gaston Michaud, pr\u00e9sident de la Coop\u00e9rative de d\u00e9veloppement de Racine; \u2022 Jean-Claude Thibault, jeune retrait\u00e9 socialement engag\u00e9.<\/p>\n<p>. Andr\u00e9 Desmarais, homme d&rsquo;affaires<\/p>\n<p>\u00a0Le Conseil d&rsquo;administration est actuellement compos\u00e9 de:<\/p>\n<p>\u2022C\u00e9line Garant pr\u00e9sidente; \u2022 Jos\u00e9 larouche, vice-pr\u00e9sidente; \u2022 Jean L\u00e9tourneau, secr\u00e9taire- tr\u00e9sorier \u2022 Johanne Breton, administratrice; \u2022 M\u00e9linda Wilson, administratrice; \u2022 Bertrand Cloutier administrateur.<\/p>\n<p>&nbsp;<\/p>\n","protected":false},"excerpt":{"rendered":"<p>La mission \u00ab Contribuer au d\u00e9veloppement socio-\u00e9conomique de Racine et du Val St-Fran\u00e7ois en priorisant l\u2019offre de produits r\u00e9gionaux et naturels de qualit\u00e9 qui r\u00e9pondent aux crit\u00e8res de l\u2019agriculture durable [&hellip;]<\/p>\n","protected":false},"author":4,"featured_media":0,"parent":0,"menu_order":0,"comment_status":"open","ping_status":"open","template":"","meta":{"_et_pb_use_builder":"","_et_pb_old_content":"","_et_gb_content_width":""},"yoast_head":"<!-- This site is optimized with the Yoast SEO plugin v20.1 - https:\/\/yoast.com\/wordpress\/plugins\/seo\/ -->\n<title>La coop\u00e9rative de solidarit\u00e9 agroalimentaire de Racine - March\u00e9 Locavore<\/title>\n<meta name=\"robots\" content=\"noindex, follow, max-snippet:-1, max-image-preview:large, max-video-preview:-1\" \/>\n<meta property=\"og:locale\" content=\"fr_FR\" \/>\n<meta property=\"og:type\" content=\"article\" \/>\n<meta property=\"og:title\" content=\"La coop\u00e9rative de solidarit\u00e9 agroalimentaire de Racine - March\u00e9 Locavore\" \/>\n<meta property=\"og:description\" content=\"La mission \u00ab Contribuer au d\u00e9veloppement socio-\u00e9conomique de Racine et du Val St-Fran\u00e7ois en priorisant l\u2019offre de produits r\u00e9gionaux et naturels de qualit\u00e9 qui r\u00e9pondent aux crit\u00e8res de l\u2019agriculture durable [&hellip;]\" \/>\n<meta property=\"og:url\" content=\"https:\/\/etrepartout.com\/locadev\/cooperative-de-solidarite\/\" \/>\n<meta property=\"og:site_name\" content=\"March\u00e9 Locavore\" \/>\n<meta property=\"article:modified_time\" content=\"2022-02-03T20:33:59+00:00\" \/>\n<meta name=\"twitter:label1\" content=\"Dur\u00e9e de lecture estim\u00e9e\" \/>\n\t<meta name=\"twitter:data1\" content=\"1 minute\" \/>\n<script type=\"application\/ld+json\" class=\"yoast-schema-graph\">{\"@context\":\"https:\/\/schema.org\",\"@graph\":[{\"@type\":\"WebPage\",\"@id\":\"https:\/\/etrepartout.com\/locadev\/cooperative-de-solidarite\/\",\"url\":\"https:\/\/etrepartout.com\/locadev\/cooperative-de-solidarite\/\",\"name\":\"La coop\u00e9rative de solidarit\u00e9 agroalimentaire de Racine - March\u00e9 Locavore\",\"isPartOf\":{\"@id\":\"https:\/\/etrepartout.com\/locadev\/#website\"},\"datePublished\":\"2014-04-01T19:58:56+00:00\",\"dateModified\":\"2022-02-03T20:33:59+00:00\",\"breadcrumb\":{\"@id\":\"https:\/\/etrepartout.com\/locadev\/cooperative-de-solidarite\/#breadcrumb\"},\"inLanguage\":\"fr-FR\",\"potentialAction\":[{\"@type\":\"ReadAction\",\"target\":[\"https:\/\/etrepartout.com\/locadev\/cooperative-de-solidarite\/\"]}]},{\"@type\":\"BreadcrumbList\",\"@id\":\"https:\/\/etrepartout.com\/locadev\/cooperative-de-solidarite\/#breadcrumb\",\"itemListElement\":[{\"@type\":\"ListItem\",\"position\":1,\"name\":\"Home\",\"item\":\"https:\/\/etrepartout.com\/locadev\/\"},{\"@type\":\"ListItem\",\"position\":2,\"name\":\"La coop\u00e9rative de solidarit\u00e9 agroalimentaire de Racine\"}]},{\"@type\":\"WebSite\",\"@id\":\"https:\/\/etrepartout.com\/locadev\/#website\",\"url\":\"https:\/\/etrepartout.com\/locadev\/\",\"name\":\"March\u00e9 Locavore\",\"description\":\"\",\"potentialAction\":[{\"@type\":\"SearchAction\",\"target\":{\"@type\":\"EntryPoint\",\"urlTemplate\":\"https:\/\/etrepartout.com\/locadev\/?s={search_term_string}\"},\"query-input\":\"required name=search_term_string\"}],\"inLanguage\":\"fr-FR\"}]}<\/script>\n<!-- \/ Yoast SEO plugin. -->","yoast_head_json":{"title":"La coop\u00e9rative de solidarit\u00e9 agroalimentaire de Racine - March\u00e9 Locavore","robots":{"index":"noindex","follow":"follow","max-snippet":"max-snippet:-1","max-image-preview":"max-image-preview:large","max-video-preview":"max-video-preview:-1"},"og_locale":"fr_FR","og_type":"article","og_title":"La coop\u00e9rative de solidarit\u00e9 agroalimentaire de Racine - March\u00e9 Locavore","og_description":"La mission \u00ab Contribuer au d\u00e9veloppement socio-\u00e9conomique de Racine et du Val St-Fran\u00e7ois en priorisant l\u2019offre de produits r\u00e9gionaux et naturels de qualit\u00e9 qui r\u00e9pondent aux crit\u00e8res de l\u2019agriculture durable [&hellip;]","og_url":"https:\/\/etrepartout.com\/locadev\/cooperative-de-solidarite\/","og_site_name":"March\u00e9 Locavore","article_modified_time":"2022-02-03T20:33:59+00:00","twitter_misc":{"Dur\u00e9e de lecture estim\u00e9e":"1 minute"},"schema":{"@context":"https:\/\/schema.org","@graph":[{"@type":"WebPage","@id":"https:\/\/etrepartout.com\/locadev\/cooperative-de-solidarite\/","url":"https:\/\/etrepartout.com\/locadev\/cooperative-de-solidarite\/","name":"La coop\u00e9rative de solidarit\u00e9 agroalimentaire de Racine - March\u00e9 Locavore","isPartOf":{"@id":"https:\/\/etrepartout.com\/locadev\/#website"},"datePublished":"2014-04-01T19:58:56+00:00","dateModified":"2022-02-03T20:33:59+00:00","breadcrumb":{"@id":"https:\/\/etrepartout.com\/locadev\/cooperative-de-solidarite\/#breadcrumb"},"inLanguage":"fr-FR","potentialAction":[{"@type":"ReadAction","target":["https:\/\/etrepartout.com\/locadev\/cooperative-de-solidarite\/"]}]},{"@type":"BreadcrumbList","@id":"https:\/\/etrepartout.com\/locadev\/cooperative-de-solidarite\/#breadcrumb","itemListElement":[{"@type":"ListItem","position":1,"name":"Home","item":"https:\/\/etrepartout.com\/locadev\/"},{"@type":"ListItem","position":2,"name":"La coop\u00e9rative de solidarit\u00e9 agroalimentaire de Racine"}]},{"@type":"WebSite","@id":"https:\/\/etrepartout.com\/locadev\/#website","url":"https:\/\/etrepartout.com\/locadev\/","name":"March\u00e9 Locavore","description":"","potentialAction":[{"@type":"SearchAction","target":{"@type":"EntryPoint","urlTemplate":"https:\/\/etrepartout.com\/locadev\/?s={search_term_string}"},"query-input":"required name=search_term_string"}],"inLanguage":"fr-FR"}]}},"_links":{"self":[{"href":"https:\/\/etrepartout.com\/locadev\/wp-json\/wp\/v2\/pages\/9"}],"collection":[{"href":"https:\/\/etrepartout.com\/locadev\/wp-json\/wp\/v2\/pages"}],"about":[{"href":"https:\/\/etrepartout.com\/locadev\/wp-json\/wp\/v2\/types\/page"}],"author":[{"embeddable":true,"href":"https:\/\/etrepartout.com\/locadev\/wp-json\/wp\/v2\/users\/4"}],"replies":[{"embeddable":true,"href":"https:\/\/etrepartout.com\/locadev\/wp-json\/wp\/v2\/comments?post=9"}],"version-history":[{"count":28,"href":"https:\/\/etrepartout.com\/locadev\/wp-json\/wp\/v2\/pages\/9\/revisions"}],"predecessor-version":[{"id":1823,"href":"https:\/\/etrepartout.com\/locadev\/wp-json\/wp\/v2\/pages\/9\/revisions\/1823"}],"wp:attachment":[{"href":"https:\/\/etrepartout.com\/locadev\/wp-json\/wp\/v2\/media?parent=9"}],"curies":[{"name":"wp","href":"https:\/\/api.w.org\/{rel}","templated":true}]}}