{"id":94165,"date":"2022-02-22T03:40:53","date_gmt":"2022-02-22T03:40:53","guid":{"rendered":"https:\/\/theultimatedivi.com\/divigrocerystore\/my-account\/"},"modified":"2022-06-06T17:23:00","modified_gmt":"2022-06-06T17:23:00","slug":"my-account-2","status":"publish","type":"page","link":"https:\/\/etrepartout.com\/locadev\/my-account-2\/","title":{"rendered":"My account"},"content":{"rendered":"[et_pb_section fb_built=\u00a0\u00bb1&Prime; admin_label=\u00a0\u00bbHeader Section\u00a0\u00bb _builder_version=\u00a0\u00bb4.15&Prime; _module_preset=\u00a0\u00bbdefault\u00a0\u00bb background_color=\u00a0\u00bbrgba(0,0,0,0.89)\u00a0\u00bb background_image=\u00a0\u00bbhttps:\/\/etrepartout.com\/locadev\/wp-content\/uploads\/2022\/06\/farmers-market-15.jpg\u00a0\u00bb background_blend=\u00a0\u00bbsoft-light\u00a0\u00bb locked=\u00a0\u00bboff\u00a0\u00bb global_colors_info=\u00a0\u00bb{}\u00a0\u00bb][et_pb_row _builder_version=\u00a0\u00bb4.15&Prime; _module_preset=\u00a0\u00bbdefault\u00a0\u00bb width=\u00a0\u00bb90%\u00a0\u00bb max_width=\u00a0\u00bb1200px\u00a0\u00bb custom_padding=\u00a0\u00bb100px||100px||true|false\u00a0\u00bb global_colors_info=\u00a0\u00bb{}\u00a0\u00bb][et_pb_column type=\u00a0\u00bb4_4&Prime; _builder_version=\u00a0\u00bb4.15&Prime; _module_preset=\u00a0\u00bbdefault\u00a0\u00bb global_colors_info=\u00a0\u00bb{}\u00a0\u00bb][et_pb_text admin_label=\u00a0\u00bbHeader Text\u00a0\u00bb _builder_version=\u00a0\u00bb4.15&Prime; _module_preset=\u00a0\u00bbdefault\u00a0\u00bb text_font=\u00a0\u00bbPoppins|700|||||||\u00a0\u00bb text_text_color=\u00a0\u00bb#FFFFFF\u00a0\u00bb text_font_size=\u00a0\u00bb48px\u00a0\u00bb custom_margin_tablet=\u00a0\u00bb\u00a0\u00bb custom_margin_phone=\u00a0\u00bb||15px||false|false\u00a0\u00bb custom_margin_last_edited=\u00a0\u00bbon|phone\u00a0\u00bb text_font_size_tablet=\u00a0\u00bb\u00a0\u00bb text_font_size_phone=\u00a0\u00bb25px\u00a0\u00bb text_font_size_last_edited=\u00a0\u00bbon|phone\u00a0\u00bb text_orientation_tablet=\u00a0\u00bbcenter\u00a0\u00bb text_orientation_phone=\u00a0\u00bb\u00a0\u00bb text_orientation_last_edited=\u00a0\u00bbon|tablet\u00a0\u00bb global_colors_info=\u00a0\u00bb{}\u00a0\u00bb]My Account[\/et_pb_text][et_pb_text admin_label=\u00a0\u00bbMeta Text\u00a0\u00bb module_class=\u00a0\u00bbgrocery_section1_headertext\u00a0\u00bb _builder_version=\u00a0\u00bb4.15&Prime; _module_preset=\u00a0\u00bbdefault\u00a0\u00bb text_font=\u00a0\u00bbPoppins||||||||\u00a0\u00bb text_font_size=\u00a0\u00bb18px\u00a0\u00bb link_font=\u00a0\u00bbPoppins||||||||\u00a0\u00bb link_text_color=\u00a0\u00bb#cadc29&Prime; link_font_size=\u00a0\u00bb18px\u00a0\u00bb link_font_size_tablet=\u00a0\u00bb\u00a0\u00bb link_font_size_phone=\u00a0\u00bb14px\u00a0\u00bb link_font_size_last_edited=\u00a0\u00bbon|phone\u00a0\u00bb text_orientation_tablet=\u00a0\u00bbcenter\u00a0\u00bb text_orientation_phone=\u00a0\u00bb\u00a0\u00bb text_orientation_last_edited=\u00a0\u00bbon|tablet\u00a0\u00bb global_colors_info=\u00a0\u00bb{}\u00a0\u00bb link_text_color__hover_enabled=\u00a0\u00bbon|desktop\u00a0\u00bb link_text_color__hover=\u00a0\u00bb#FFFFFF\u00a0\u00bb]<a href=\"#\">Home<\/a> <span>My Account<\/span>[\/et_pb_text][\/et_pb_column][\/et_pb_row][\/et_pb_section][et_pb_section fb_built=\u00a0\u00bb1&Prime; _builder_version=\u00a0\u00bb4.15&Prime; locked=\u00a0\u00bboff\u00a0\u00bb global_colors_info=\u00a0\u00bb{}\u00a0\u00bb][et_pb_row module_class=\u00a0\u00bbgrocery_myaccount\u00a0\u00bb _builder_version=\u00a0\u00bb4.15&Prime; background_size=\u00a0\u00bbinitial\u00a0\u00bb background_position=\u00a0\u00bbtop_left\u00a0\u00bb background_repeat=\u00a0\u00bbrepeat\u00a0\u00bb global_colors_info=\u00a0\u00bb{}\u00a0\u00bb][et_pb_column type=\u00a0\u00bb4_4&Prime; _builder_version=\u00a0\u00bb4.15&Prime; custom_padding=\u00a0\u00bb|||\u00a0\u00bb global_colors_info=\u00a0\u00bb{}\u00a0\u00bb custom_padding__hover=\u00a0\u00bb|||\u00a0\u00bb][et_pb_text _builder_version=\u00a0\u00bb4.15&Prime; text_font=\u00a0\u00bbPoppins||||||||\u00a0\u00bb header_font=\u00a0\u00bbPoppins||||||||\u00a0\u00bb background_size=\u00a0\u00bbinitial\u00a0\u00bb background_position=\u00a0\u00bbtop_left\u00a0\u00bb background_repeat=\u00a0\u00bbrepeat\u00a0\u00bb global_colors_info=\u00a0\u00bb{}\u00a0\u00bb]<p><p>[woocommerce_my_account]<\/p>\n<\/p>[\/et_pb_text][\/et_pb_column][\/et_pb_row][\/et_pb_section]","protected":false},"excerpt":{"rendered":"<p>My AccountHome My Account[woocommerce_my_account]<\/p>\n","protected":false},"author":1,"featured_media":0,"parent":0,"menu_order":0,"comment_status":"closed","ping_status":"closed","template":"","meta":{"_et_pb_use_builder":"on","_et_pb_old_content":"<!-- wp:shortcode -->[woocommerce_my_account]<!-- \/wp:shortcode -->","_et_gb_content_width":""},"yoast_head":"<!-- This site is optimized with the Yoast SEO plugin v20.1 - https:\/\/yoast.com\/wordpress\/plugins\/seo\/ -->\n<title>My account - March\u00e9 Locavore<\/title>\n<meta name=\"robots\" content=\"noindex, follow, max-snippet:-1, max-image-preview:large, max-video-preview:-1\" \/>\n<meta property=\"og:locale\" content=\"fr_FR\" \/>\n<meta property=\"og:type\" content=\"article\" \/>\n<meta property=\"og:title\" content=\"My account - March\u00e9 Locavore\" \/>\n<meta property=\"og:description\" content=\"My AccountHome My Account[woocommerce_my_account]\" \/>\n<meta property=\"og:url\" content=\"https:\/\/etrepartout.com\/locadev\/my-account-2\/\" \/>\n<meta property=\"og:site_name\" content=\"March\u00e9 Locavore\" \/>\n<meta property=\"article:modified_time\" content=\"2022-06-06T17:23:00+00:00\" \/>\n<meta name=\"twitter:label1\" content=\"Dur\u00e9e de lecture estim\u00e9e\" \/>\n\t<meta name=\"twitter:data1\" content=\"2 minutes\" \/>\n<script type=\"application\/ld+json\" class=\"yoast-schema-graph\">{\"@context\":\"https:\/\/schema.org\",\"@graph\":[{\"@type\":\"WebPage\",\"@id\":\"https:\/\/etrepartout.com\/locadev\/my-account-2\/\",\"url\":\"https:\/\/etrepartout.com\/locadev\/my-account-2\/\",\"name\":\"My account - March\u00e9 Locavore\",\"isPartOf\":{\"@id\":\"https:\/\/etrepartout.com\/locadev\/#website\"},\"datePublished\":\"2022-02-22T03:40:53+00:00\",\"dateModified\":\"2022-06-06T17:23:00+00:00\",\"breadcrumb\":{\"@id\":\"https:\/\/etrepartout.com\/locadev\/my-account-2\/#breadcrumb\"},\"inLanguage\":\"fr-FR\",\"potentialAction\":[{\"@type\":\"ReadAction\",\"target\":[\"https:\/\/etrepartout.com\/locadev\/my-account-2\/\"]}]},{\"@type\":\"BreadcrumbList\",\"@id\":\"https:\/\/etrepartout.com\/locadev\/my-account-2\/#breadcrumb\",\"itemListElement\":[{\"@type\":\"ListItem\",\"position\":1,\"name\":\"Home\",\"item\":\"https:\/\/etrepartout.com\/locadev\/\"},{\"@type\":\"ListItem\",\"position\":2,\"name\":\"My account\"}]},{\"@type\":\"WebSite\",\"@id\":\"https:\/\/etrepartout.com\/locadev\/#website\",\"url\":\"https:\/\/etrepartout.com\/locadev\/\",\"name\":\"March\u00e9 Locavore\",\"description\":\"\",\"potentialAction\":[{\"@type\":\"SearchAction\",\"target\":{\"@type\":\"EntryPoint\",\"urlTemplate\":\"https:\/\/etrepartout.com\/locadev\/?s={search_term_string}\"},\"query-input\":\"required name=search_term_string\"}],\"inLanguage\":\"fr-FR\"}]}<\/script>\n<!-- \/ Yoast SEO plugin. -->","yoast_head_json":{"title":"My account - March\u00e9 Locavore","robots":{"index":"noindex","follow":"follow","max-snippet":"max-snippet:-1","max-image-preview":"max-image-preview:large","max-video-preview":"max-video-preview:-1"},"og_locale":"fr_FR","og_type":"article","og_title":"My account - March\u00e9 Locavore","og_description":"My AccountHome My Account[woocommerce_my_account]","og_url":"https:\/\/etrepartout.com\/locadev\/my-account-2\/","og_site_name":"March\u00e9 Locavore","article_modified_time":"2022-06-06T17:23:00+00:00","twitter_misc":{"Dur\u00e9e de lecture estim\u00e9e":"2 minutes"},"schema":{"@context":"https:\/\/schema.org","@graph":[{"@type":"WebPage","@id":"https:\/\/etrepartout.com\/locadev\/my-account-2\/","url":"https:\/\/etrepartout.com\/locadev\/my-account-2\/","name":"My account - March\u00e9 Locavore","isPartOf":{"@id":"https:\/\/etrepartout.com\/locadev\/#website"},"datePublished":"2022-02-22T03:40:53+00:00","dateModified":"2022-06-06T17:23:00+00:00","breadcrumb":{"@id":"https:\/\/etrepartout.com\/locadev\/my-account-2\/#breadcrumb"},"inLanguage":"fr-FR","potentialAction":[{"@type":"ReadAction","target":["https:\/\/etrepartout.com\/locadev\/my-account-2\/"]}]},{"@type":"BreadcrumbList","@id":"https:\/\/etrepartout.com\/locadev\/my-account-2\/#breadcrumb","itemListElement":[{"@type":"ListItem","position":1,"name":"Home","item":"https:\/\/etrepartout.com\/locadev\/"},{"@type":"ListItem","position":2,"name":"My account"}]},{"@type":"WebSite","@id":"https:\/\/etrepartout.com\/locadev\/#website","url":"https:\/\/etrepartout.com\/locadev\/","name":"March\u00e9 Locavore","description":"","potentialAction":[{"@type":"SearchAction","target":{"@type":"EntryPoint","urlTemplate":"https:\/\/etrepartout.com\/locadev\/?s={search_term_string}"},"query-input":"required name=search_term_string"}],"inLanguage":"fr-FR"}]}},"_links":{"self":[{"href":"https:\/\/etrepartout.com\/locadev\/wp-json\/wp\/v2\/pages\/94165"}],"collection":[{"href":"https:\/\/etrepartout.com\/locadev\/wp-json\/wp\/v2\/pages"}],"about":[{"href":"https:\/\/etrepartout.com\/locadev\/wp-json\/wp\/v2\/types\/page"}],"author":[{"embeddable":true,"href":"https:\/\/etrepartout.com\/locadev\/wp-json\/wp\/v2\/users\/1"}],"replies":[{"embeddable":true,"href":"https:\/\/etrepartout.com\/locadev\/wp-json\/wp\/v2\/comments?post=94165"}],"version-history":[{"count":1,"href":"https:\/\/etrepartout.com\/locadev\/wp-json\/wp\/v2\/pages\/94165\/revisions"}],"predecessor-version":[{"id":99914,"href":"https:\/\/etrepartout.com\/locadev\/wp-json\/wp\/v2\/pages\/94165\/revisions\/99914"}],"wp:attachment":[{"href":"https:\/\/etrepartout.com\/locadev\/wp-json\/wp\/v2\/media?parent=94165"}],"curies":[{"name":"wp","href":"https:\/\/api.w.org\/{rel}","templated":true}]}}