{"id":94465,"date":"2022-02-23T06:23:37","date_gmt":"2022-02-23T06:23:37","guid":{"rendered":"https:\/\/theultimatedivi.com\/divigrocerystore\/?page_id=306"},"modified":"2022-06-06T17:22:59","modified_gmt":"2022-06-06T17:22:59","slug":"shop-left-sidebar","status":"publish","type":"page","link":"https:\/\/etrepartout.com\/locadev\/shop-left-sidebar\/","title":{"rendered":"Shop Left Sidebar"},"content":{"rendered":"<p>[et_pb_section fb_built=\u00a0\u00bb1&Prime; admin_label=\u00a0\u00bbHeader Section\u00a0\u00bb _builder_version=\u00a0\u00bb4.15&Prime; _module_preset=\u00a0\u00bbdefault\u00a0\u00bb background_color=\u00a0\u00bbrgba(0,0,0,0.89)\u00a0\u00bb background_image=\u00a0\u00bbhttps:\/\/etrepartout.com\/locadev\/wp-content\/uploads\/2022\/06\/farmers-market-15.jpg\u00a0\u00bb background_blend=\u00a0\u00bbsoft-light\u00a0\u00bb locked=\u00a0\u00bboff\u00a0\u00bb global_colors_info=\u00a0\u00bb{}\u00a0\u00bb][et_pb_row _builder_version=\u00a0\u00bb4.15&Prime; _module_preset=\u00a0\u00bbdefault\u00a0\u00bb width=\u00a0\u00bb90%\u00a0\u00bb max_width=\u00a0\u00bb1200px\u00a0\u00bb custom_padding=\u00a0\u00bb100px||100px||true|false\u00a0\u00bb global_colors_info=\u00a0\u00bb{}\u00a0\u00bb][et_pb_column type=\u00a0\u00bb4_4&Prime; _builder_version=\u00a0\u00bb4.15&Prime; _module_preset=\u00a0\u00bbdefault\u00a0\u00bb global_colors_info=\u00a0\u00bb{}\u00a0\u00bb][et_pb_text admin_label=\u00a0\u00bbHeader Text\u00a0\u00bb _builder_version=\u00a0\u00bb4.15&Prime; _module_preset=\u00a0\u00bbdefault\u00a0\u00bb text_font=\u00a0\u00bbPoppins|700|||||||\u00a0\u00bb text_text_color=\u00a0\u00bb#FFFFFF\u00a0\u00bb text_font_size=\u00a0\u00bb48px\u00a0\u00bb custom_margin_tablet=\u00a0\u00bb\u00a0\u00bb custom_margin_phone=\u00a0\u00bb||15px||false|false\u00a0\u00bb custom_margin_last_edited=\u00a0\u00bbon|phone\u00a0\u00bb text_font_size_tablet=\u00a0\u00bb\u00a0\u00bb text_font_size_phone=\u00a0\u00bb25px\u00a0\u00bb text_font_size_last_edited=\u00a0\u00bbon|phone\u00a0\u00bb text_orientation_tablet=\u00a0\u00bbcenter\u00a0\u00bb text_orientation_phone=\u00a0\u00bb\u00a0\u00bb text_orientation_last_edited=\u00a0\u00bbon|tablet\u00a0\u00bb global_colors_info=\u00a0\u00bb{}\u00a0\u00bb]Shop Left Sidebar[\/et_pb_text][et_pb_text admin_label=\u00a0\u00bbMeta Text\u00a0\u00bb module_class=\u00a0\u00bbgrocery_section1_headertext\u00a0\u00bb _builder_version=\u00a0\u00bb4.15&Prime; _module_preset=\u00a0\u00bbdefault\u00a0\u00bb text_font=\u00a0\u00bbPoppins||||||||\u00a0\u00bb text_font_size=\u00a0\u00bb18px\u00a0\u00bb link_font=\u00a0\u00bbPoppins||||||||\u00a0\u00bb link_text_color=\u00a0\u00bb#cadc29&Prime; link_font_size=\u00a0\u00bb18px\u00a0\u00bb link_font_size_tablet=\u00a0\u00bb\u00a0\u00bb link_font_size_phone=\u00a0\u00bb14px\u00a0\u00bb link_font_size_last_edited=\u00a0\u00bbon|phone\u00a0\u00bb text_orientation_tablet=\u00a0\u00bbcenter\u00a0\u00bb text_orientation_phone=\u00a0\u00bb\u00a0\u00bb text_orientation_last_edited=\u00a0\u00bbon|tablet\u00a0\u00bb global_colors_info=\u00a0\u00bb{}\u00a0\u00bb link_text_color__hover_enabled=\u00a0\u00bbon|desktop\u00a0\u00bb link_text_color__hover=\u00a0\u00bb#FFFFFF\u00a0\u00bb]<a href=\"#\">Home<\/a> <span>Shop Left Sidebar<\/span>[\/et_pb_text][\/et_pb_column][\/et_pb_row][\/et_pb_section][et_pb_section fb_built=\u00a0\u00bb1&Prime; admin_label=\u00a0\u00bbProduct\u00a0\u00bb _builder_version=\u00a0\u00bb4.15&Prime; _module_preset=\u00a0\u00bbdefault\u00a0\u00bb global_colors_info=\u00a0\u00bb{}\u00a0\u00bb][et_pb_row column_structure=\u00a0\u00bb1_4,3_4&Prime; use_custom_gutter=\u00a0\u00bbon\u00a0\u00bb gutter_width=\u00a0\u00bb2&Prime; _builder_version=\u00a0\u00bb4.15&Prime; _module_preset=\u00a0\u00bbdefault\u00a0\u00bb width=\u00a0\u00bb90%\u00a0\u00bb max_width=\u00a0\u00bb1200px\u00a0\u00bb global_colors_info=\u00a0\u00bb{}\u00a0\u00bb][et_pb_column type=\u00a0\u00bb1_4&Prime; _builder_version=\u00a0\u00bb4.15&Prime; _module_preset=\u00a0\u00bbdefault\u00a0\u00bb global_colors_info=\u00a0\u00bb{}\u00a0\u00bb][et_pb_sidebar area=\u00a0\u00bbet_pb_widget_area_1&Prime; show_border=\u00a0\u00bboff\u00a0\u00bb module_class=\u00a0\u00bbgroceryproduct_section2_sidebar\u00a0\u00bb _builder_version=\u00a0\u00bb4.15&Prime; _module_preset=\u00a0\u00bbdefault\u00a0\u00bb header_font=\u00a0\u00bbPoppins|600||on|||||\u00a0\u00bb header_text_color=\u00a0\u00bb#00152b\u00a0\u00bb header_font_size=\u00a0\u00bb15px\u00a0\u00bb header_line_height=\u00a0\u00bb1.2em\u00a0\u00bb body_font=\u00a0\u00bbPoppins||||||||\u00a0\u00bb text_orientation=\u00a0\u00bbleft\u00a0\u00bb text_orientation_tablet=\u00a0\u00bbleft\u00a0\u00bb text_orientation_last_edited=\u00a0\u00bboff|tablet\u00a0\u00bb global_colors_info=\u00a0\u00bb{}\u00a0\u00bb][\/et_pb_sidebar][et_pb_blurb title=\u00a0\u00bbHealthy Food\u00a0\u00bb content_max_width=\u00a0\u00bb100%\u00a0\u00bb module_class=\u00a0\u00bbgroceryproduct_section2_blurb\u00a0\u00bb _builder_version=\u00a0\u00bb4.15&Prime; _module_preset=\u00a0\u00bbdefault\u00a0\u00bb header_font=\u00a0\u00bbPoppins|||on|||||\u00a0\u00bb header_text_color=\u00a0\u00bb#FFFFFF\u00a0\u00bb header_font_size=\u00a0\u00bb14px\u00a0\u00bb body_font=\u00a0\u00bbPoppins|||on|||||\u00a0\u00bb body_text_color=\u00a0\u00bb#FFFFFF\u00a0\u00bb background_color=\u00a0\u00bbrgba(0,0,0,0.7)\u00a0\u00bb background_image=\u00a0\u00bbhttps:\/\/etrepartout.com\/locadev\/wp-content\/uploads\/2022\/06\/produce-16-scaled-1.jpg\u00a0\u00bb background_blend=\u00a0\u00bbsoft-light\u00a0\u00bb custom_padding=\u00a0\u00bb70px|20px|70px|20px|true|true\u00a0\u00bb text_orientation_tablet=\u00a0\u00bbcenter\u00a0\u00bb text_orientation_phone=\u00a0\u00bbcenter\u00a0\u00bb text_orientation_last_edited=\u00a0\u00bbon|tablet\u00a0\u00bb custom_css_before=\u00a0\u00bbposition: absolute;||    top: 0;||    left: -100%;||    display: block;||    content: \u00a0\u00bb;||    width: 50%;||    height: 100%;||    background: -o-linear-gradient(left, rgba(255, 255, 255, 0) 0%, rgba(255, 255, 255, .3) 100%);||    background: -webkit-gradient(linear, left top, right top, from(rgba(255, 42556, 255, 0)), to(rgba(255, 255, 255, .3)));||    background: linear-gradient(to right, rgba(255, 255, 255, 0) 0%, rgba(255, 255, 255, .3) 100%);||    -webkit-transform: skewX(-25deg);||    -ms-transform: skewX(-25deg);||    transform: skewX(-25deg);\u00a0\u00bb custom_css_main_element=\u00a0\u00bbdisplay: block;||    position: relative;||    overflow: hidden;||transition: color 300ms ease 0ms,background-color 300ms ease 0ms;\u00a0\u00bb global_colors_info=\u00a0\u00bb{}\u00a0\u00bb custom_css_before__hover_enabled=\u00a0\u00bbon|hover\u00a0\u00bb custom_css_before__hover=\u00a0\u00bb-webkit-animation: shine 1s;||    animation: shine 1s;\u00a0\u00bb]<\/p>\n<h3>Healthy Food <b>Everyday<\/b><\/h3>\n<h6>Only For<\/h6>\n<h4>$20.00<\/h4>\n<p>[\/et_pb_blurb][\/et_pb_column][et_pb_column type=\u00a0\u00bb3_4&Prime; _builder_version=\u00a0\u00bb4.15&Prime; _module_preset=\u00a0\u00bbdefault\u00a0\u00bb global_colors_info=\u00a0\u00bb{}\u00a0\u00bb][et_pb_shop posts_number=\u00a0\u00bb8&Prime; show_pagination=\u00a0\u00bbon\u00a0\u00bb sale_badge_color=\u00a0\u00bb#cadc29&Prime; icon_hover_color=\u00a0\u00bbRGBA(255,255,255,0)\u00a0\u00bb hover_overlay_color=\u00a0\u00bbRGBA(255,255,255,0)\u00a0\u00bb module_class=\u00a0\u00bbgroceryproduct_section2_product\u00a0\u00bb _builder_version=\u00a0\u00bb4.15&Prime; _module_preset=\u00a0\u00bbdefault\u00a0\u00bb title_font=\u00a0\u00bbPoppins|600|||||||\u00a0\u00bb title_text_color=\u00a0\u00bb#00152b\u00a0\u00bb title_font_size=\u00a0\u00bb16px\u00a0\u00bb title_line_height=\u00a0\u00bb1.5em\u00a0\u00bb price_font=\u00a0\u00bbPoppins||||||||\u00a0\u00bb price_text_color=\u00a0\u00bb#00152b\u00a0\u00bb sale_badge_font=\u00a0\u00bbPoppins||||||||\u00a0\u00bb sale_badge_font_size=\u00a0\u00bb14px\u00a0\u00bb rating_text_align=\u00a0\u00bbcenter\u00a0\u00bb rating_text_color=\u00a0\u00bb#cadc29&Prime; text_orientation=\u00a0\u00bbcenter\u00a0\u00bb custom_css_title=\u00a0\u00bbpadding-bottom: 15px !important;\u00a0\u00bb locked=\u00a0\u00bboff\u00a0\u00bb global_colors_info=\u00a0\u00bb{}\u00a0\u00bb][\/et_pb_shop][\/et_pb_column][\/et_pb_row][\/et_pb_section]<\/p>\n","protected":false},"excerpt":{"rendered":"<p>Shop Left SidebarHome Shop Left SidebarHealthy Food Everyday Only For $20.00[et_pb_shop posts_number=\u00a0\u00bb8&Prime; show_pagination=\u00a0\u00bbon\u00a0\u00bb sale_badge_color=\u00a0\u00bb#cadc29&Prime; icon_hover_color=\u00a0\u00bbRGBA(255,255,255,0)\u00a0\u00bb hover_overlay_color=\u00a0\u00bbRGBA(255,255,255,0)\u00a0\u00bb module_class=\u00a0\u00bbgroceryproduct_section2_product\u00a0\u00bb _builder_version=\u00a0\u00bb4.15&Prime; _module_preset=\u00a0\u00bbdefault\u00a0\u00bb title_font=\u00a0\u00bbPoppins|600|||||||\u00a0\u00bb title_text_color=\u00a0\u00bb#00152b\u00a0\u00bb title_font_size=\u00a0\u00bb16px\u00a0\u00bb title_line_height=\u00a0\u00bb1.5em\u00a0\u00bb price_font=\u00a0\u00bbPoppins||||||||\u00a0\u00bb price_text_color=\u00a0\u00bb#00152b\u00a0\u00bb sale_badge_font=\u00a0\u00bbPoppins||||||||\u00a0\u00bb sale_badge_font_size=\u00a0\u00bb14px\u00a0\u00bb rating_text_align=\u00a0\u00bbcenter\u00a0\u00bb rating_text_color=\u00a0\u00bb#cadc29&Prime; text_orientation=\u00a0\u00bbcenter\u00a0\u00bb [&hellip;]<\/p>\n","protected":false},"author":1,"featured_media":0,"parent":0,"menu_order":0,"comment_status":"closed","ping_status":"closed","template":"","meta":{"_et_pb_use_builder":"on","_et_pb_old_content":"","_et_gb_content_width":""},"yoast_head":"<!-- This site is optimized with the Yoast SEO plugin v20.1 - https:\/\/yoast.com\/wordpress\/plugins\/seo\/ -->\n<title>Shop Left Sidebar - March\u00e9 Locavore<\/title>\n<meta name=\"robots\" content=\"noindex, follow, max-snippet:-1, max-image-preview:large, max-video-preview:-1\" \/>\n<meta property=\"og:locale\" content=\"fr_FR\" \/>\n<meta property=\"og:type\" content=\"article\" \/>\n<meta property=\"og:title\" content=\"Shop Left Sidebar - March\u00e9 Locavore\" \/>\n<meta property=\"og:description\" content=\"Shop Left SidebarHome Shop Left SidebarHealthy Food Everyday Only For $20.00[et_pb_shop posts_number=&quot;8&quot; show_pagination=&quot;on&quot; sale_badge_color=&quot;#cadc29&quot; icon_hover_color=&quot;RGBA(255,255,255,0)&quot; hover_overlay_color=&quot;RGBA(255,255,255,0)&quot; module_class=&quot;groceryproduct_section2_product&quot; _builder_version=&quot;4.15&quot; _module_preset=&quot;default&quot; title_font=&quot;Poppins|600|||||||&quot; title_text_color=&quot;#00152b&quot; title_font_size=&quot;16px&quot; title_line_height=&quot;1.5em&quot; price_font=&quot;Poppins||||||||&quot; price_text_color=&quot;#00152b&quot; sale_badge_font=&quot;Poppins||||||||&quot; sale_badge_font_size=&quot;14px&quot; rating_text_align=&quot;center&quot; rating_text_color=&quot;#cadc29&quot; text_orientation=&quot;center&quot; [&hellip;]\" \/>\n<meta property=\"og:url\" content=\"https:\/\/etrepartout.com\/locadev\/shop-left-sidebar\/\" \/>\n<meta property=\"og:site_name\" content=\"March\u00e9 Locavore\" \/>\n<meta property=\"article:modified_time\" content=\"2022-06-06T17:22:59+00:00\" \/>\n<meta name=\"twitter:label1\" content=\"Dur\u00e9e de lecture estim\u00e9e\" \/>\n\t<meta name=\"twitter:data1\" content=\"3 minutes\" \/>\n<script type=\"application\/ld+json\" class=\"yoast-schema-graph\">{\"@context\":\"https:\/\/schema.org\",\"@graph\":[{\"@type\":\"WebPage\",\"@id\":\"https:\/\/etrepartout.com\/locadev\/shop-left-sidebar\/\",\"url\":\"https:\/\/etrepartout.com\/locadev\/shop-left-sidebar\/\",\"name\":\"Shop Left Sidebar - March\u00e9 Locavore\",\"isPartOf\":{\"@id\":\"https:\/\/etrepartout.com\/locadev\/#website\"},\"datePublished\":\"2022-02-23T06:23:37+00:00\",\"dateModified\":\"2022-06-06T17:22:59+00:00\",\"breadcrumb\":{\"@id\":\"https:\/\/etrepartout.com\/locadev\/shop-left-sidebar\/#breadcrumb\"},\"inLanguage\":\"fr-FR\",\"potentialAction\":[{\"@type\":\"ReadAction\",\"target\":[\"https:\/\/etrepartout.com\/locadev\/shop-left-sidebar\/\"]}]},{\"@type\":\"BreadcrumbList\",\"@id\":\"https:\/\/etrepartout.com\/locadev\/shop-left-sidebar\/#breadcrumb\",\"itemListElement\":[{\"@type\":\"ListItem\",\"position\":1,\"name\":\"Home\",\"item\":\"https:\/\/etrepartout.com\/locadev\/\"},{\"@type\":\"ListItem\",\"position\":2,\"name\":\"Shop Left Sidebar\"}]},{\"@type\":\"WebSite\",\"@id\":\"https:\/\/etrepartout.com\/locadev\/#website\",\"url\":\"https:\/\/etrepartout.com\/locadev\/\",\"name\":\"March\u00e9 Locavore\",\"description\":\"\",\"potentialAction\":[{\"@type\":\"SearchAction\",\"target\":{\"@type\":\"EntryPoint\",\"urlTemplate\":\"https:\/\/etrepartout.com\/locadev\/?s={search_term_string}\"},\"query-input\":\"required name=search_term_string\"}],\"inLanguage\":\"fr-FR\"}]}<\/script>\n<!-- \/ Yoast SEO plugin. -->","yoast_head_json":{"title":"Shop Left Sidebar - March\u00e9 Locavore","robots":{"index":"noindex","follow":"follow","max-snippet":"max-snippet:-1","max-image-preview":"max-image-preview:large","max-video-preview":"max-video-preview:-1"},"og_locale":"fr_FR","og_type":"article","og_title":"Shop Left Sidebar - March\u00e9 Locavore","og_description":"Shop Left SidebarHome Shop Left SidebarHealthy Food Everyday Only For $20.00[et_pb_shop posts_number=\"8\" show_pagination=\"on\" sale_badge_color=\"#cadc29\" icon_hover_color=\"RGBA(255,255,255,0)\" hover_overlay_color=\"RGBA(255,255,255,0)\" module_class=\"groceryproduct_section2_product\" _builder_version=\"4.15\" _module_preset=\"default\" title_font=\"Poppins|600|||||||\" title_text_color=\"#00152b\" title_font_size=\"16px\" title_line_height=\"1.5em\" price_font=\"Poppins||||||||\" price_text_color=\"#00152b\" sale_badge_font=\"Poppins||||||||\" sale_badge_font_size=\"14px\" rating_text_align=\"center\" rating_text_color=\"#cadc29\" text_orientation=\"center\" [&hellip;]","og_url":"https:\/\/etrepartout.com\/locadev\/shop-left-sidebar\/","og_site_name":"March\u00e9 Locavore","article_modified_time":"2022-06-06T17:22:59+00:00","twitter_misc":{"Dur\u00e9e de lecture estim\u00e9e":"3 minutes"},"schema":{"@context":"https:\/\/schema.org","@graph":[{"@type":"WebPage","@id":"https:\/\/etrepartout.com\/locadev\/shop-left-sidebar\/","url":"https:\/\/etrepartout.com\/locadev\/shop-left-sidebar\/","name":"Shop Left Sidebar - March\u00e9 Locavore","isPartOf":{"@id":"https:\/\/etrepartout.com\/locadev\/#website"},"datePublished":"2022-02-23T06:23:37+00:00","dateModified":"2022-06-06T17:22:59+00:00","breadcrumb":{"@id":"https:\/\/etrepartout.com\/locadev\/shop-left-sidebar\/#breadcrumb"},"inLanguage":"fr-FR","potentialAction":[{"@type":"ReadAction","target":["https:\/\/etrepartout.com\/locadev\/shop-left-sidebar\/"]}]},{"@type":"BreadcrumbList","@id":"https:\/\/etrepartout.com\/locadev\/shop-left-sidebar\/#breadcrumb","itemListElement":[{"@type":"ListItem","position":1,"name":"Home","item":"https:\/\/etrepartout.com\/locadev\/"},{"@type":"ListItem","position":2,"name":"Shop Left Sidebar"}]},{"@type":"WebSite","@id":"https:\/\/etrepartout.com\/locadev\/#website","url":"https:\/\/etrepartout.com\/locadev\/","name":"March\u00e9 Locavore","description":"","potentialAction":[{"@type":"SearchAction","target":{"@type":"EntryPoint","urlTemplate":"https:\/\/etrepartout.com\/locadev\/?s={search_term_string}"},"query-input":"required name=search_term_string"}],"inLanguage":"fr-FR"}]}},"_links":{"self":[{"href":"https:\/\/etrepartout.com\/locadev\/wp-json\/wp\/v2\/pages\/94465"}],"collection":[{"href":"https:\/\/etrepartout.com\/locadev\/wp-json\/wp\/v2\/pages"}],"about":[{"href":"https:\/\/etrepartout.com\/locadev\/wp-json\/wp\/v2\/types\/page"}],"author":[{"embeddable":true,"href":"https:\/\/etrepartout.com\/locadev\/wp-json\/wp\/v2\/users\/1"}],"replies":[{"embeddable":true,"href":"https:\/\/etrepartout.com\/locadev\/wp-json\/wp\/v2\/comments?post=94465"}],"version-history":[{"count":1,"href":"https:\/\/etrepartout.com\/locadev\/wp-json\/wp\/v2\/pages\/94465\/revisions"}],"predecessor-version":[{"id":99901,"href":"https:\/\/etrepartout.com\/locadev\/wp-json\/wp\/v2\/pages\/94465\/revisions\/99901"}],"wp:attachment":[{"href":"https:\/\/etrepartout.com\/locadev\/wp-json\/wp\/v2\/media?parent=94465"}],"curies":[{"name":"wp","href":"https:\/\/api.w.org\/{rel}","templated":true}]}}